{"id":1805,"date":"2015-11-27T15:48:53","date_gmt":"2015-11-27T15:48:53","guid":{"rendered":"http:\/\/eskp.hu\/?page_id=1805"},"modified":"2023-01-23T15:49:12","modified_gmt":"2023-01-23T14:49:12","slug":"grid","status":"publish","type":"page","link":"https:\/\/eskp.hu\/index.php\/grid\/","title":{"rendered":"Az Alexander technika t\u00f6rt\u00e9nete"},"content":{"rendered":"<p>[vc_row][vc_column]<h1 class=\"sc_title sc_title_regular sc_align_center margin_top_null margin_bottom_null\" style=\"text-align:center;\">F. M. Alexander<\/h1><h5 class=\"sc_title sc_title_regular sc_align_center margin_top_tiny margin_bottom_large\" style=\"text-align:center;color:#848484;font-weight:400;\">.<\/h5>[\/vc_column][\/vc_row][vc_row][vc_column][vc_column_text]<span style=\"font-weight: 400;\"><img loading=\"lazy\" decoding=\"async\" class=\"size-medium wp-image-4473 alignleft\" src=\"https:\/\/eskp.hu\/wp-content\/uploads\/2015\/11\/al-e1588624141504-300x255.jpg\" alt=\"\" width=\"300\" height=\"255\" srcset=\"https:\/\/eskp.hu\/wp-content\/uploads\/2015\/11\/al-e1588624141504-300x255.jpg 300w, https:\/\/eskp.hu\/wp-content\/uploads\/2015\/11\/al-e1588624141504-430x366.jpg 430w, https:\/\/eskp.hu\/wp-content\/uploads\/2015\/11\/al-e1588624141504.jpg 510w\" sizes=\"auto, (max-width: 300px) 100vw, 300px\" \/>&#8230;<\/span><\/p>\n<p><span style=\"font-weight: 400;\">F. M. Alexander(1869-1955) <\/span><span style=\"font-weight: 400;\">a m\u00f3dszer megalkot\u00f3ja Shakespeare sz\u00edn\u00e9sz volt, akinek egy napon el\u0151ad\u00e1s k\u00f6zben elment a hangja. Az orvosok \u00e9s a besz\u00e9dtan\u00e1rok pihen\u00e9st \u00e9s a besz\u00e9d mell\u0151z\u00e9s\u00e9t aj\u00e1nlott\u00e1k gy\u00f3gy\u00edrk\u00e9nt. Ennek hat\u00e1s\u00e1ra egy r\u00f6vid \u00e1tmeneti id\u0151re fel\u00e9p\u00fclt, de amikor ism\u00e9t sz\u00ednpadra l\u00e9pett, \u00fajra szembetal\u00e1lkozott m\u00e1r gy\u00f3gyultnak hitt probl\u00e9m\u00e1j\u00e1val.<\/span><\/p>\n<p>&nbsp;<\/p>\n<p><span style=\"font-weight: 400;\"> &#8222;Lehet, hogy \u00e9n csin\u00e1lok valamit magammal?&#8221; &#8211; k\u00e9rdezte orvos\u00e1t\u00f3l. &#8222;Biztosan \u00edgy kell lennie&#8221; &#8211; v\u00e1laszolta orvosa, \u00e9s bevallotta, hogy tan\u00e1cstalan mit k\u00e9ne tennie.<\/span><\/p>\n<p><span style=\"font-weight: 400;\">\u2026.<\/span><\/p>\n<p><span style=\"font-weight: 400;\">Ezut\u00e1n a t\u00fck\u00f6rben figyelte meg mag\u00e1t. Arra volt k\u00edv\u00e1ncsi, hogy mit tesz mag\u00e1val, ha norm\u00e1lisan besz\u00e9l, ha szaval, \u00e9s mi a kett\u0151 k\u00f6zti k\u00fcl\u00f6nbs\u00e9g. D\u00f6bbenten tapasztalta, hogy szaval\u00e1skor hangos zih\u00e1l\u00e1ssal veszi a leveg\u0151t, nyakizmait megfesz\u00edti, fej\u00e9t lefel\u00e9 \u00e9s h\u00e1tra h\u00fazza. R\u00e1j\u00f6tt, hogy ez\u00e1ltal \u00f6sszenyomja a g\u00e9g\u00e9j\u00e9t, \u00e9s nyom\u00e1st gyakorol hangszalagjaira. T\u00edz \u00e9vig dolgozott \u00f6nmaga haszn\u00e1lat\u00e1n \u00e9s az \u00f6nmegfigyel\u00e9s hossz\u00fa ideje alatt felfedezte, hogy g\u00e9g\u00e9je megr\u00f6vid\u00edt\u00e9se egyben eg\u00e9sz test\u00e9t megr\u00f6vid\u00edti \u00e9s megfesz\u00edti, ami nem csak l\u00e9gz\u00e9s\u00e9t, hanem eg\u00e9sz szervezete mozg\u00e1sszabads\u00e1g\u00e1t korl\u00e1tozza.\u00a0<\/span><\/p>\n<p><span style=\"font-weight: 400;\">K\u00e9s\u0151bb azt is megfigyelte, hogy norm\u00e1lis besz\u00e9d k\u00f6zben is ugyanez a folyamat zajlik le, csak nem ilyen hangs\u00falyosan. Saj\u00e1t megfigyel\u00e9s\u00e9n kereszt\u00fcl eljutott az \u00e9rz\u00e9kszervi \u00e9rz\u00e9kel\u00e9sek tudatos alkalmaz\u00e1s\u00e1hoz \u00e9s haszn\u00e1lat\u00e1hoz. Hosszantart\u00f3 munk\u00e1ja eredm\u00e9nyek\u00e9nt nem csak hangprobl\u00e9m\u00e1i sz\u0171ntek meg, de eg\u00e9szs\u00e9gi \u00e1llapota is normaliz\u00e1l\u00f3dott, \u00e9s pszich\u00e9sen is meger\u0151s\u00f6d\u00f6tt. A legmegd\u00f6bbent\u0151bb felismer\u00e9se az volt, hogy az eg\u00e9sz folyamatot l\u00e1bujjainak visszah\u00fazott, megfesz\u00edtett haszn\u00e1lata okozta.\u00a0<\/span><\/p>\n<p>&nbsp;<\/p>\n<p><span style=\"font-weight: 400;\">1892-t\u0151l el\u0151bb sz\u00edn\u00e9sz- \u00e9s \u00e9nekes t\u00e1rsait kezdte tan\u00edtani, k\u00e9s\u0151bb egyre t\u00f6bben j\u00f6ttek hozz\u00e1, a kor jelent\u0151s \u00e9rtelmis\u00e9gei k\u00f6z\u00fcl: orvosok, \u00edr\u00f3k, filoz\u00f3fusok. Nagy figyelmet ford\u00edtott a gyermekekre, mert az volt a v\u00e9lem\u00e9nye, hogy m\u00e1r eg\u00e9sz kiskort\u00f3l megjelenik a hib\u00e1s testhaszn\u00e1lat, aminek k\u00e9s\u0151bb bel\u00e1thatatlan k\u00f6vetkezm\u00e9nyei lehetnek.<\/span><\/p>\n<p><span style=\"font-weight: 400;\">Kezdetben a megfigyel\u00e9sei alapj\u00e1n \u00f6nmag\u00e1n dolgozott, de szerette volna m\u00e1snak is megtan\u00edtani technik\u00e1j\u00e1t. Nem sokkal ez ut\u00e1n iskol\u00e1t nyitott, ahol Irene Taskerrel egy\u00fctt k\u00fcl\u00f6nb\u00f6z\u0151 \u00e9letkor\u00fa \u00e9s neh\u00e9zs\u00e9gekkel k\u00fczd\u0151 gyermekeknek tan\u00edtotta, hogyan alkalmazz\u00e1k a technik\u00e1t az iskolai tev\u00e9kenys\u00e9geik sor\u00e1n. Irene fontosnak tartotta kihangs\u00falyozni, hogy a\u00a0<\/span><\/p>\n<p><span style=\"font-weight: 400;\">\u00cdr\u00e1saiban, kezdetben besz\u00e9d- \u00e9s l\u00e9gz\u00e9sfejleszt\u0151 m\u00f3dszernek nevezte munk\u00e1ss\u00e1g\u00e1t. Ezekben az \u00e9vekben jutott el a hangk\u00e9pz\u00e9st\u0151l a teljes testtel val\u00f3 foglalkoz\u00e1sig, k\u00f6zben sz\u00edn\u00e9szt\u00e1rsulatot hozott l\u00e9tre \u00e9s f\u0151szerepeket j\u00e1tszott. (Velencei kalm\u00e1r, Hamlet) Technik\u00e1ja egyre elterjedtebb\u00e9 kezdett v\u00e1lni, olyannyira, hogy asztm\u00e1s epilepszi\u00e1s l\u00e9gz\u00e9si el\u00e9gtelens\u00e9gt\u0151l szenved\u0151, dadog\u00f3 embereket k\u00fcldtek hozz\u00e1 a k\u00f6rnyezet\u00e9ben lev\u0151 orvosok tan\u00e1csad\u00e1sra. V\u00e9g\u00fcl \u00e1ttelep\u00fclt Londonba, (1916) \u00e9s Amerik\u00e1ban is elterjeszti a m\u00f3dszer\u00e9t. Munk\u00e1ss\u00e1ga \u00e9s technik\u00e1j\u00e1nak egyedi szeml\u00e9lete az\u00f3ta is t\u00f6retlen\u00fcl terjed az eg\u00e9sz vil\u00e1gon.<\/span>[\/vc_column_text][\/vc_column][\/vc_row]<\/p>\n","protected":false},"excerpt":{"rendered":"<p>[vc_row][vc_column][\/vc_column][\/vc_row][vc_row][vc_column][vc_column_text]&#8230; F. M. Alexander(1869-1955) a m\u00f3dszer megalkot\u00f3ja Shakespeare sz\u00edn\u00e9sz volt, akinek egy napon el\u0151ad\u00e1s k\u00f6zben elment a hangja. Az orvosok \u00e9s a besz\u00e9dtan\u00e1rok pihen\u00e9st \u00e9s a besz\u00e9d mell\u0151z\u00e9s\u00e9t aj\u00e1nlott\u00e1k gy\u00f3gy\u00edrk\u00e9nt. Ennek hat\u00e1s\u00e1ra egy r\u00f6vid \u00e1tmeneti id\u0151re fel\u00e9p\u00fclt, de amikor ism\u00e9t sz\u00ednpadra l\u00e9pett, \u00fajra szembetal\u00e1lkozott m\u00e1r gy\u00f3gyultnak hitt probl\u00e9m\u00e1j\u00e1val. &nbsp; &#8222;Lehet, hogy \u00e9n csin\u00e1lok valamit magammal?&#8221; [&hellip;]<\/p>\n","protected":false},"author":1,"featured_media":0,"parent":0,"menu_order":0,"comment_status":"closed","ping_status":"closed","template":"","meta":{"footnotes":""},"class_list":["post-1805","page","type-page","status-publish","hentry"],"_links":{"self":[{"href":"https:\/\/eskp.hu\/index.php\/wp-json\/wp\/v2\/pages\/1805","targetHints":{"allow":["GET"]}}],"collection":[{"href":"https:\/\/eskp.hu\/index.php\/wp-json\/wp\/v2\/pages"}],"about":[{"href":"https:\/\/eskp.hu\/index.php\/wp-json\/wp\/v2\/types\/page"}],"author":[{"embeddable":true,"href":"https:\/\/eskp.hu\/index.php\/wp-json\/wp\/v2\/users\/1"}],"replies":[{"embeddable":true,"href":"https:\/\/eskp.hu\/index.php\/wp-json\/wp\/v2\/comments?post=1805"}],"version-history":[{"count":7,"href":"https:\/\/eskp.hu\/index.php\/wp-json\/wp\/v2\/pages\/1805\/revisions"}],"predecessor-version":[{"id":4764,"href":"https:\/\/eskp.hu\/index.php\/wp-json\/wp\/v2\/pages\/1805\/revisions\/4764"}],"wp:attachment":[{"href":"https:\/\/eskp.hu\/index.php\/wp-json\/wp\/v2\/media?parent=1805"}],"curies":[{"name":"wp","href":"https:\/\/api.w.org\/{rel}","templated":true}]}}