{"id":1880,"date":"2015-12-01T13:55:11","date_gmt":"2015-12-01T13:55:11","guid":{"rendered":"http:\/\/eskp.hu\/?page_id=1880"},"modified":"2025-03-04T10:42:31","modified_gmt":"2025-03-04T09:42:31","slug":"about-us","status":"publish","type":"page","link":"https:\/\/eskp.hu\/index.php\/about-us\/","title":{"rendered":"Egyens\u00faly K\u00f6zPont"},"content":{"rendered":"<p>[vc_row full_width=&#8221;stretch_row&#8221; el_id=&#8221;about-block1&#8243; css=&#8221;.vc_custom_1661895666934{background-color: #4e4360 !important;background-position: center !important;background-repeat: no-repeat !important;background-size: cover !important;}&#8221;][vc_column]<div class=\"sc_content content_wrap\" style=\"padding: 5em 0;\"><h2 class=\"sc_title sc_title_regular\" style=\"color:#ffffff;font-weight:300;\">Egyens\u00faly K\u00f6zPont<\/h2><div class=\"columns_wrap sc_columns columns_nofluid sc_columns_count_2\"><div class=\"column-1_2 sc_column_item sc_column_item_1 odd first\">[vc_column_text]<\/p>\n<p style=\"text-align: left;\"><span style=\"font-weight: 400;\">K\u00f6<\/span>zpontunkat 2020 m\u00e1jus\u00e1ban nyitottuk meg a nagyk\u00f6z\u00f6ns\u00e9gnek. Ezt a helyet a saj\u00e1t kez\u00fcnkkel \u00e9s eszk\u00f6zeinkkel \u00faj\u00edtottuk fel Kiss Levente seg\u00edts\u00e9g\u00e9vel \u00e9s form\u00e1ltuk saj\u00e1t \u00edzl\u00e9s\u00fcnk szerint. Szerencs\u00e9snek \u00e9rezz\u00fck magunkat, hogy megval\u00f3s\u00edthattuk az \u00e1lmunkat. Szeretettel v\u00e1runk minden \u00e9rdekl\u0151d\u0151t: Sz\u00e9ll T\u00edmea \u00e9s Elek Attila<\/p>\n<p>[\/vc_column_text]<\/div><div class=\"column-1_2 sc_column_item sc_column_item_2 even\">[vc_column_text]<img loading=\"lazy\" decoding=\"async\" class=\"alignnone wp-image-5009\" src=\"https:\/\/eskp.hu\/wp-content\/uploads\/2025\/03\/eskp-225x300.jpeg\" alt=\"\" width=\"278\" height=\"371\" srcset=\"https:\/\/eskp.hu\/wp-content\/uploads\/2025\/03\/eskp-225x300.jpeg 225w, https:\/\/eskp.hu\/wp-content\/uploads\/2025\/03\/eskp-768x1024.jpeg 768w, https:\/\/eskp.hu\/wp-content\/uploads\/2025\/03\/eskp-1152x1536.jpeg 1152w, https:\/\/eskp.hu\/wp-content\/uploads\/2025\/03\/eskp-1536x2048.jpeg 1536w, https:\/\/eskp.hu\/wp-content\/uploads\/2025\/03\/eskp-320x427.jpeg 320w, https:\/\/eskp.hu\/wp-content\/uploads\/2025\/03\/eskp-480x640.jpeg 480w, https:\/\/eskp.hu\/wp-content\/uploads\/2025\/03\/eskp-800x1067.jpeg 800w, https:\/\/eskp.hu\/wp-content\/uploads\/2025\/03\/eskp-scaled.jpeg 1920w\" sizes=\"auto, (max-width: 278px) 100vw, 278px\" \/>[\/vc_column_text]<\/div><\/div><div class=\"columns_wrap sc_columns columns_nofluid sc_columns_count_2\"><div class=\"column-1_2 sc_column_item sc_column_item_1 odd first\"><a href=\"https:\/\/eskp.hu\/index.php\/elerhetosegek\/\" class=\"sc_button sc_button_square sc_button_style_filled sc_button_size_small margin_top_medium margin_bottom_small\">Hol tal\u00e1lhat\u00f3?<\/a><\/div><\/div><\/div>[\/vc_column][\/vc_row][vc_row full_width=&#8221;stretch_row&#8221; css=&#8221;.vc_custom_1589191856371{background: rgba(244,245,246,0.9) url(https:\/\/eskp.hu\/wp-content\/uploads\/2020\/05\/EKP_01_color_lf_about_us.png?id=4674) !important;*background-color: rgb(244,245,246) !important;}&#8221; el_id=&#8221;home1-3&#8243;][vc_column]<div class=\"sc_content content_wrap\" style=\"padding: 6.15em 0 3em 0;\"><h2 class=\"sc_title sc_title_regular sc_align_center\" style=\"margin-bottom: 2.1em;text-align:center;\">Mivel tal\u00e1lkozol, ha minket v\u00e1lasztasz:<\/h2><div class=\"columns_wrap sc_columns columns_nofluid sc_columns_count_3\"><div class=\"column-1_3 sc_column_item sc_column_item_1 left-side odd first\"><div class=\"sc_section item \" data-animation=\"animated fadeInDown normal\"><div class=\"sc_section_inner\"><span class=\"sc_icon icon-icon1 sc_icon_shape_round\" style=\"color:#ffffff;background-color:#c4d114;border-color:#c4d114;\"><\/span><div class=\"sc_section content \"><div class=\"sc_section_inner\"><h4 class=\"sc_title sc_title_regular sc_align_right margin_top_null\" style=\"text-align:right;\">Alexander technika<\/h4>[vc_column_text]<\/p>\n<p style=\"text-align: right;\"><span style=\"font-weight: 400;\">Visszanyerhetj\u00fck mozg\u00e1sunk szabads\u00e1g\u00e1t, k\u00f6nnyeds\u00e9g\u00e9t \u00e9s a f\u00e1jdalom-\u00e9s fesz\u00fclts\u00e9gmentes l\u00e9tez\u00e9st.<\/span><\/p>\n<p>[\/vc_column_text]<\/div><\/div><\/div><\/div>[vc_empty_space height=&#8221;2.8em&#8221;]<div class=\"sc_section item margin_bottom_small\" data-animation=\"animated fadeInDown normal\"><div class=\"sc_section_inner\"><span class=\"sc_icon icon-icon2 sc_icon_shape_round\" style=\"color:#ffffff;background-color:#c4d114;border-color:#c4d114;\"><\/span><div class=\"sc_section content \"><div class=\"sc_section_inner\"><h4 class=\"sc_title sc_title_regular sc_align_right margin_top_null\" style=\"text-align:right;\">Logop\u00e9dia<\/h4>[vc_column_text]<\/p>\n<p style=\"text-align: right;\">Artikul\u00e1ci\u00f3s(p\u00f6sze) ter\u00e1pia kicsiknek. Nyelvl\u00f6k\u00e9ses nyel\u00e9s ter\u00e1pia mindenkinek.<\/p>\n<p>[\/vc_column_text][vc_column_text][\/vc_column_text]<\/div><\/div><\/div><\/div><\/div><div class=\"column-1_3 sc_column_item sc_column_item_2 even\"><\/div><div class=\"column-1_3 sc_column_item sc_column_item_3 right-side odd\"><div class=\"sc_section item \" data-animation=\"animated fadeInDown normal\"><div class=\"sc_section_inner\"><span class=\"sc_icon icon-icon3 sc_icon_shape_round\" style=\"color:#ffffff;background-color:#c4d114;border-color:#c4d114;\"><\/span><div class=\"sc_section content \"><div class=\"sc_section_inner\"><h4 class=\"sc_title sc_title_regular sc_align_left margin_top_null\" style=\"text-align:left;\">Csal\u00e1d\u00e1ll\u00edt\u00e1s<\/h4>[vc_column_text]Csal\u00e1d\u00e1ll\u00edt\u00e1s, Kiss Gabriella hozz\u00e1\u00e9rt\u0151 figyelm\u00e9vel \u00e9s ir\u00e1ny\u00edt\u00e1s\u00e1val.[\/vc_column_text]<\/div><\/div><\/div><\/div>[vc_empty_space height=&#8221;2.8em&#8221;]<div class=\"sc_section item margin_bottom_small\" data-animation=\"animated fadeInDown normal\"><div class=\"sc_section_inner\"><span class=\"sc_icon icon-icon4 sc_icon_shape_round\" style=\"color:#ffffff;background-color:#c4d114;border-color:#c4d114;\"><\/span><div class=\"sc_section content \"><div class=\"sc_section_inner\"><h4 class=\"sc_title sc_title_regular sc_align_left margin_top_null\" style=\"text-align:left;\">Kellemes, befogad\u00f3 l\u00e9gk\u00f6r<\/h4>[vc_column_text]<\/p>\n<p style=\"text-align: left;\">Szeretettel v\u00e1runk mindenkit!<\/p>\n<p>[\/vc_column_text]<\/div><\/div><\/div><\/div><\/div><\/div><\/div>[\/vc_column][\/vc_row][vc_row full_width=&#8221;stretch_row&#8221;][vc_column]<div class=\"sc_content content_wrap\" style=\"padding: 6em 0 5em;\"><div id=\"sc_team_2028340423_wrap\" class=\"sc_team_wrap\"><div id=\"sc_team_2028340423\" class=\"sc_team sc_team_style_team-1  sc_slider_nopagination sc_slider_nocontrols\" style=\"margin-bottom: 2em;width:100%;\" data-interval=\"5174\" data-slides-per-view=\"4\"><h2 class=\"sc_team_title sc_item_title\">A Csapat<\/h2><div class=\"sc_team_descr sc_item_descr\">Alexander technika, csal\u00e1d\u00e1ll\u00edt\u00e1s, kondukt\u00edv ter\u00e1pia, logop\u00e9dia<\/div><div class=\"sc_columns columns_wrap\"><div class=\"column-1_4 column_padding_bottom\">\t\t\t<div id=\"sc_team_2028340423_1\"\t\t\t\tclass=\"sc_team_item sc_team_item_1 odd first\"\n\t\t\t\t>\n\t\t\t\t<div class=\"sc_team_item_avatar\"><a href=\"https:\/\/eskp.hu\/index.php\/team\/szell-timea\/\" class=\"hover_icon\"><img loading=\"lazy\" decoding=\"async\" class=\"wp-post-image\" width=\"390\" height=\"390\" alt=\"Sz\u00e9ll T\u00edmea\" src=\"https:\/\/eskp.hu\/wp-content\/uploads\/2015\/11\/Alexander-26aa-scaled-390x390.jpg\"><\/a><\/div>\n\t\t\t\t<div class=\"sc_team_item_info\">\n\t\t\t\t\t<h5 class=\"sc_team_item_title\"><a href=\"https:\/\/eskp.hu\/index.php\/team\/szell-timea\/\">Sz\u00e9ll T\u00edmea<\/a><\/h5>\n\t\t\t\t\t<div class=\"sc_team_item_position\">K\u00f6zpont vezet\u0151<\/div>\n\t\t\t\t\t\t\t\t\t<\/div>\n\t\t\t<\/div>\n\t\t<\/div><div class=\"column-1_4 column_padding_bottom\">\t\t\t<div id=\"sc_team_2028340423_2\"\t\t\t\tclass=\"sc_team_item sc_team_item_2 even\"\n\t\t\t\t>\n\t\t\t\t<div class=\"sc_team_item_avatar\"><a href=\"https:\/\/eskp.hu\/index.php\/team\/elek-attila\/\" class=\"hover_icon\"><img loading=\"lazy\" decoding=\"async\" class=\"wp-post-image\" width=\"390\" height=\"390\" alt=\"Elek Attila\" src=\"https:\/\/eskp.hu\/wp-content\/uploads\/2015\/11\/Alexander-25a-scaled-390x390.jpg\"><\/a><\/div>\n\t\t\t\t<div class=\"sc_team_item_info\">\n\t\t\t\t\t<h5 class=\"sc_team_item_title\"><a href=\"https:\/\/eskp.hu\/index.php\/team\/elek-attila\/\">Elek Attila<\/a><\/h5>\n\t\t\t\t\t<div class=\"sc_team_item_position\">K\u00f6zpont vezet\u0151<\/div>\n\t\t\t\t\t\t\t\t\t<\/div>\n\t\t\t<\/div>\n\t\t<\/div><div class=\"column-1_4 column_padding_bottom\">\t\t\t<div id=\"sc_team_2028340423_3\"\t\t\t\tclass=\"sc_team_item sc_team_item_3 odd\"\n\t\t\t\t>\n\t\t\t\t<div class=\"sc_team_item_avatar\"><a href=\"https:\/\/eskp.hu\/index.php\/team\/kiss-gabriella\/\" class=\"hover_icon\"><img loading=\"lazy\" decoding=\"async\" class=\"wp-post-image\" width=\"390\" height=\"390\" alt=\"Kiss Gabriella\" src=\"https:\/\/eskp.hu\/wp-content\/uploads\/2022\/08\/255365535_4683576591681308_5054492576197256276_n-390x390.jpeg\"><\/a><\/div>\n\t\t\t\t<div class=\"sc_team_item_info\">\n\t\t\t\t\t<h5 class=\"sc_team_item_title\"><a href=\"https:\/\/eskp.hu\/index.php\/team\/kiss-gabriella\/\">Kiss Gabriella<\/a><\/h5>\n\t\t\t\t\t<div class=\"sc_team_item_position\">Csal\u00e1d\u00e1ll\u00edt\u00e1s<\/div>\n\t\t\t\t\t\t\t\t\t<\/div>\n\t\t\t<\/div>\n\t\t<\/div><div class=\"column-1_4 column_padding_bottom\">\t\t\t<div id=\"sc_team_2028340423_4\"\t\t\t\tclass=\"sc_team_item sc_team_item_4 even\"\n\t\t\t\t>\n\t\t\t\t<div class=\"sc_team_item_avatar\"><a href=\"https:\/\/eskp.hu\/index.php\/team\/kiss-w-levente\/\" class=\"hover_icon\"><img loading=\"lazy\" decoding=\"async\" class=\"wp-post-image\" width=\"390\" height=\"390\" alt=\"Kiss W. Levente\" src=\"https:\/\/eskp.hu\/wp-content\/uploads\/2015\/11\/95245006_1099963387029819_5861343750046875648_n-390x390.jpg\"><\/a><\/div>\n\t\t\t\t<div class=\"sc_team_item_info\">\n\t\t\t\t\t<h5 class=\"sc_team_item_title\"><a href=\"https:\/\/eskp.hu\/index.php\/team\/kiss-w-levente\/\">Kiss W. Levente<\/a><\/h5>\n\t\t\t\t\t<div class=\"sc_team_item_position\">Flow<\/div>\n\t\t\t\t\t\t\t\t\t<\/div>\n\t\t\t<\/div>\n\t\t<\/div><\/div><\/div><!-- \/.sc_team --><\/div><!-- \/.sc_team_wrap -->[vc_column_text]<\/p>\n<p style=\"text-align: center;\"><a class=\"arrow\" style=\"text-align: center;\" href=\"https:\/\/eskp.hu\/index.php\/services\/alexander-technika\/\">Mutasd az \u00f6sszes \u00f3r\u00e1t<\/a><\/p>\n<p>[\/vc_column_text]<\/div>[\/vc_column][\/vc_row]<\/p>\n","protected":false},"excerpt":{"rendered":"<p>[vc_row full_width=&#8221;stretch_row&#8221; el_id=&#8221;about-block1&#8243; css=&#8221;.vc_custom_1661895666934{background-color: #4e4360 !important;background-position: center !important;background-repeat: no-repeat !important;background-size: cover !important;}&#8221;][vc_column][\/vc_column][\/vc_row][vc_row full_width=&#8221;stretch_row&#8221; css=&#8221;.vc_custom_1589191856371{background: rgba(244,245,246,0.9) url(https:\/\/eskp.hu\/wp-content\/uploads\/2020\/05\/EKP_01_color_lf_about_us.png?id=4674) !important;*background-color: rgb(244,245,246) !important;}&#8221; el_id=&#8221;home1-3&#8243;][vc_column][\/vc_column][\/vc_row][vc_row full_width=&#8221;stretch_row&#8221;][vc_column][\/vc_column][\/vc_row]<\/p>\n","protected":false},"author":1,"featured_media":0,"parent":0,"menu_order":0,"comment_status":"closed","ping_status":"closed","template":"","meta":{"footnotes":""},"class_list":["post-1880","page","type-page","status-publish","hentry"],"_links":{"self":[{"href":"https:\/\/eskp.hu\/index.php\/wp-json\/wp\/v2\/pages\/1880","targetHints":{"allow":["GET"]}}],"collection":[{"href":"https:\/\/eskp.hu\/index.php\/wp-json\/wp\/v2\/pages"}],"about":[{"href":"https:\/\/eskp.hu\/index.php\/wp-json\/wp\/v2\/types\/page"}],"author":[{"embeddable":true,"href":"https:\/\/eskp.hu\/index.php\/wp-json\/wp\/v2\/users\/1"}],"replies":[{"embeddable":true,"href":"https:\/\/eskp.hu\/index.php\/wp-json\/wp\/v2\/comments?post=1880"}],"version-history":[{"count":37,"href":"https:\/\/eskp.hu\/index.php\/wp-json\/wp\/v2\/pages\/1880\/revisions"}],"predecessor-version":[{"id":4596,"href":"https:\/\/eskp.hu\/index.php\/wp-json\/wp\/v2\/pages\/1880\/revisions\/4596"}],"wp:attachment":[{"href":"https:\/\/eskp.hu\/index.php\/wp-json\/wp\/v2\/media?parent=1880"}],"curies":[{"name":"wp","href":"https:\/\/api.w.org\/{rel}","templated":true}]}}