{"id":4489,"date":"2020-05-01T11:39:23","date_gmt":"2020-05-01T10:39:23","guid":{"rendered":"https:\/\/eskp.hu\/?page_id=4489"},"modified":"2022-08-30T22:31:29","modified_gmt":"2022-08-30T21:31:29","slug":"csaladallitas","status":"publish","type":"page","link":"https:\/\/eskp.hu\/index.php\/csaladallitas\/","title":{"rendered":"Csal\u00e1d\u00e1ll\u00edt\u00e1s"},"content":{"rendered":"","protected":false},"excerpt":{"rendered":"","protected":false},"author":6,"featured_media":0,"parent":0,"menu_order":0,"comment_status":"closed","ping_status":"closed","template":"","meta":{"footnotes":""},"class_list":["post-4489","page","type-page","status-publish","hentry"],"_links":{"self":[{"href":"https:\/\/eskp.hu\/index.php\/wp-json\/wp\/v2\/pages\/4489","targetHints":{"allow":["GET"]}}],"collection":[{"href":"https:\/\/eskp.hu\/index.php\/wp-json\/wp\/v2\/pages"}],"about":[{"href":"https:\/\/eskp.hu\/index.php\/wp-json\/wp\/v2\/types\/page"}],"author":[{"embeddable":true,"href":"https:\/\/eskp.hu\/index.php\/wp-json\/wp\/v2\/users\/6"}],"replies":[{"embeddable":true,"href":"https:\/\/eskp.hu\/index.php\/wp-json\/wp\/v2\/comments?post=4489"}],"version-history":[{"count":1,"href":"https:\/\/eskp.hu\/index.php\/wp-json\/wp\/v2\/pages\/4489\/revisions"}],"predecessor-version":[{"id":4495,"href":"https:\/\/eskp.hu\/index.php\/wp-json\/wp\/v2\/pages\/4489\/revisions\/4495"}],"wp:attachment":[{"href":"https:\/\/eskp.hu\/index.php\/wp-json\/wp\/v2\/media?parent=4489"}],"curies":[{"name":"wp","href":"https:\/\/api.w.org\/{rel}","templated":true}]}}